{"id":10994,"date":"2024-10-22T22:05:24","date_gmt":"2024-10-22T22:05:24","guid":{"rendered":"https:\/\/www.eltegon.com\/?page_id=10994"},"modified":"2024-11-08T20:10:56","modified_gmt":"2024-11-08T20:10:56","slug":"air-tanks-and-pressure-tanks","status":"publish","type":"page","link":"https:\/\/www.eltegon.com\/es\/tanques-de-aire-tanques-de-presion-y-amplificadores-pagina\/","title":{"rendered":"TANQUES DE AIRE Y TANQUES DE PRESI\u00d3N"},"content":{"rendered":"<div data-elementor-type=\"wp-page\" data-elementor-id=\"10994\" class=\"elementor elementor-10994\" data-elementor-post-type=\"page\">\n\t\t\t\t\t\t<section class=\"elementor-section elementor-top-section elementor-element elementor-element-9feb9f6 elementor-section-boxed elementor-section-height-default elementor-section-height-default\" data-id=\"9feb9f6\" data-element_type=\"section\" data-e-type=\"section\">\r\n\t\t\r\n\t\t\t\t\t\t\t<div class=\"elementor-container elementor-column-gap-default\">\r\n\t\t\t\t\t\t\t\t\t\t\t<div class=\"elementor-column elementor-col-100 elementor-top-column elementor-element elementor-element-de09e47\" data-id=\"de09e47\" data-element_type=\"column\" data-e-type=\"column\">\r\n\t\t\t\t\t<div class=\"elementor-widget-wrap elementor-element-populated\">\r\n\t\t\t\t\t\t\t\t<div class=\"elementor-element elementor-element-bbb9189 elementor-widget elementor-widget-spacer\" data-id=\"bbb9189\" data-element_type=\"widget\" data-e-type=\"widget\" data-widget_type=\"spacer.default\">\n\t\t\t\t<div class=\"elementor-widget-container\">\n\t\t\t\t\t\t\t<div class=\"elementor-spacer\">\n\t\t\t<div class=\"elementor-spacer-inner\"><\/div>\n\t\t<\/div>\n\t\t\t\t\t\t<\/div>\n\t\t\t\t<\/div>\n\t\t\t\t\t<\/div>\r\n\t\t\t\t<\/div>\r\n\t\t\t\t\t<\/div>\r\n\t\t\t\t<\/section>\r\n\t\t\t\t<section class=\"elementor-section elementor-top-section elementor-element elementor-element-704ec674 elementor-section-boxed elementor-section-height-default elementor-section-height-default\" data-id=\"704ec674\" data-element_type=\"section\" data-e-type=\"section\">\r\n\t\t\r\n\t\t\t\t\t\t\t<div class=\"elementor-container elementor-column-gap-default\">\r\n\t\t\t\t\t\t\t\t\t\t\t<div class=\"elementor-column elementor-col-50 elementor-top-column elementor-element elementor-element-9c783c4\" data-id=\"9c783c4\" data-element_type=\"column\" data-e-type=\"column\">\r\n\t\t\t\t\t<div class=\"elementor-widget-wrap elementor-element-populated\">\r\n\t\t\t\t\t\t\t\t<div class=\"elementor-element elementor-element-4157e9bf animated-fast elementor-invisible elementor-widget elementor-widget-heading\" data-id=\"4157e9bf\" data-element_type=\"widget\" data-e-type=\"widget\" data-settings=\"{&quot;_animation&quot;:&quot;fadeInUp&quot;,&quot;_animation_delay&quot;:&quot;100&quot;}\" data-widget_type=\"heading.default\">\n\t\t\t\t<div class=\"elementor-widget-container\">\n\t\t\t\t\t<h2 class=\"elementor-heading-title elementor-size-default\">TANQUES DE AIRE Y TANQUES DE PRESI\u00d3N<\/h2>\t\t\t\t<\/div>\n\t\t\t\t<\/div>\n\t\t\t\t<div class=\"elementor-element elementor-element-23d30d2b customLineProgressAnim my-3 elementor-widget-divider--view-line elementor-invisible elementor-widget elementor-widget-divider\" data-id=\"23d30d2b\" data-element_type=\"widget\" data-e-type=\"widget\" data-settings=\"{&quot;_animation&quot;:&quot;fadeIn&quot;,&quot;_animation_delay&quot;:&quot;300&quot;}\" data-widget_type=\"divider.default\">\n\t\t\t\t<div class=\"elementor-widget-container\">\n\t\t\t\t\t\t\t<div class=\"elementor-divider\">\n\t\t\t<span class=\"elementor-divider-separator\">\n\t\t\t\t\t\t<\/span>\n\t\t<\/div>\n\t\t\t\t\t\t<\/div>\n\t\t\t\t<\/div>\n\t\t\t\t<div class=\"elementor-element elementor-element-76023404 elementor-widget elementor-widget-text-editor\" data-id=\"76023404\" data-element_type=\"widget\" data-e-type=\"widget\" data-widget_type=\"text-editor.default\">\n\t\t\t\t<div class=\"elementor-widget-container\">\n\t\t\t\t\t\t\t\t\t<p><span style=\"font-weight: 400;\">En la empresa para la que proporcionamos servicios de consultor\u00eda, los tanques de aire se fabrican de acuerdo con los est\u00e1ndares de calidad DIN, CE, TUV, TUV AUSTRIA, BUREAU VERITAS (BV), RINA, DNV GL, GOST y bajo la supervisi\u00f3n de la C\u00e1mara de Ingenieros Mec\u00e1nicos. Los tanques de aire se producen de acuerdo con altos est\u00e1ndares de calidad y el rango de presi\u00f3n deseado.<\/span><\/p>\t\t\t\t\t\t\t\t<\/div>\n\t\t\t\t<\/div>\n\t\t\t\t<div class=\"elementor-element elementor-element-b30de23 animated-fast elementor-invisible elementor-widget elementor-widget-porto_button\" data-id=\"b30de23\" data-element_type=\"widget\" data-e-type=\"widget\" data-settings=\"{&quot;_animation&quot;:&quot;fadeInRight&quot;,&quot;_animation_delay&quot;:50,&quot;align&quot;:&quot;left&quot;}\" data-widget_type=\"porto_button.default\">\n\t\t\t\t<div class=\"elementor-widget-container\">\n\t\t\t\t\t<a aria-label=\"bot\u00f3n\" class=\"btn btn-md btn-primary btn-borders btn-full-rounded\" href=\"https:\/\/www.eltegon.com\/es\/cita\/\"><span >CITA<\/span><\/a>\t\t\t\t<\/div>\n\t\t\t\t<\/div>\n\t\t\t\t\t<\/div>\r\n\t\t\t\t<\/div>\r\n\t\t\t\t<div class=\"elementor-column elementor-col-50 elementor-top-column elementor-element elementor-element-6916c570\" data-id=\"6916c570\" data-element_type=\"column\" data-e-type=\"column\">\r\n\t\t\t\t\t<div class=\"elementor-widget-wrap elementor-element-populated\">\r\n\t\t\t\t\t\t\t\t<div class=\"elementor-element elementor-element-7b81265a elementor-widget elementor-widget-image-gallery\" data-id=\"7b81265a\" data-element_type=\"widget\" data-e-type=\"widget\" data-widget_type=\"image-gallery.default\">\n\t\t\t\t<div class=\"elementor-widget-container\">\n\t\t\t\t\t\t\t<div class=\"elementor-image-gallery\">\n\t\t\t<div id='gallery-1' class='gallery galleryid-10994 gallery-columns-2 gallery-size-large'><figure class='gallery-item'>\n\t\t\t<div class='gallery-icon landscape'>\n\t\t\t\t<img fetchpriority=\"high\" decoding=\"async\" width=\"451\" height=\"440\" src=\"https:\/\/www.eltegon.com\/wp-content\/uploads\/2024\/10\/AIR-TANKS-PRESSURE-TANKS1-1-451x440.jpg\" class=\"attachment-large size-large\" alt=\"\" srcset=\"https:\/\/www.eltegon.com\/wp-content\/uploads\/2024\/10\/AIR-TANKS-PRESSURE-TANKS1-1-451x440.jpg 451w, https:\/\/www.eltegon.com\/wp-content\/uploads\/2024\/10\/AIR-TANKS-PRESSURE-TANKS1-1-338x330.jpg 338w, https:\/\/www.eltegon.com\/wp-content\/uploads\/2024\/10\/AIR-TANKS-PRESSURE-TANKS1-1-400x390.jpg 400w, https:\/\/www.eltegon.com\/wp-content\/uploads\/2024\/10\/AIR-TANKS-PRESSURE-TANKS1-1-367x358.jpg 367w\" sizes=\"(max-width: 451px) 100vw, 451px\" \/>\n\t\t\t<\/div><\/figure><figure class='gallery-item'>\n\t\t\t<div class='gallery-icon landscape'>\n\t\t\t\t<img decoding=\"async\" width=\"573\" height=\"440\" src=\"https:\/\/www.eltegon.com\/wp-content\/uploads\/2024\/10\/AIR-TANKS-PRESSURE-TANKS3-4-573x440.jpg\" class=\"attachment-large size-large\" alt=\"\" srcset=\"https:\/\/www.eltegon.com\/wp-content\/uploads\/2024\/10\/AIR-TANKS-PRESSURE-TANKS3-4-573x440.jpg 573w, https:\/\/www.eltegon.com\/wp-content\/uploads\/2024\/10\/AIR-TANKS-PRESSURE-TANKS3-4-430x330.jpg 430w, https:\/\/www.eltegon.com\/wp-content\/uploads\/2024\/10\/AIR-TANKS-PRESSURE-TANKS3-4-400x307.jpg 400w, https:\/\/www.eltegon.com\/wp-content\/uploads\/2024\/10\/AIR-TANKS-PRESSURE-TANKS3-4-367x282.jpg 367w\" sizes=\"(max-width: 573px) 100vw, 573px\" \/>\n\t\t\t<\/div><\/figure><figure class='gallery-item'>\n\t\t\t<div class='gallery-icon landscape'>\n\t\t\t\t<img decoding=\"async\" width=\"594\" height=\"440\" src=\"https:\/\/www.eltegon.com\/wp-content\/uploads\/2024\/10\/AIR-TANKS-PRESSURE-TANKS3-594x440.jpg\" class=\"attachment-large size-large\" alt=\"\" srcset=\"https:\/\/www.eltegon.com\/wp-content\/uploads\/2024\/10\/AIR-TANKS-PRESSURE-TANKS3-594x440.jpg 594w, https:\/\/www.eltegon.com\/wp-content\/uploads\/2024\/10\/AIR-TANKS-PRESSURE-TANKS3-446x330.jpg 446w, https:\/\/www.eltegon.com\/wp-content\/uploads\/2024\/10\/AIR-TANKS-PRESSURE-TANKS3-400x296.jpg 400w, https:\/\/www.eltegon.com\/wp-content\/uploads\/2024\/10\/AIR-TANKS-PRESSURE-TANKS3-367x272.jpg 367w\" sizes=\"(max-width: 594px) 100vw, 594px\" \/>\n\t\t\t<\/div><\/figure><figure class='gallery-item'>\n\t\t\t<div class='gallery-icon portrait'>\n\t\t\t\t<img loading=\"lazy\" decoding=\"async\" width=\"436\" height=\"440\" src=\"https:\/\/www.eltegon.com\/wp-content\/uploads\/2024\/10\/AIR-TANKS-PRESSURE-TANKS2-436x440.jpg\" class=\"attachment-large size-large\" alt=\"\" srcset=\"https:\/\/www.eltegon.com\/wp-content\/uploads\/2024\/10\/AIR-TANKS-PRESSURE-TANKS2-436x440.jpg 436w, https:\/\/www.eltegon.com\/wp-content\/uploads\/2024\/10\/AIR-TANKS-PRESSURE-TANKS2-327x330.jpg 327w, https:\/\/www.eltegon.com\/wp-content\/uploads\/2024\/10\/AIR-TANKS-PRESSURE-TANKS2-400x403.jpg 400w, https:\/\/www.eltegon.com\/wp-content\/uploads\/2024\/10\/AIR-TANKS-PRESSURE-TANKS2-367x370.jpg 367w\" sizes=\"(max-width: 436px) 100vw, 436px\" \/>\n\t\t\t<\/div><\/figure>\n\t\t<\/div>\n\t\t<\/div>\n\t\t\t\t\t\t<\/div>\n\t\t\t\t<\/div>\n\t\t\t\t\t<\/div>\r\n\t\t\t\t<\/div>\r\n\t\t\t\t\t<\/div>\r\n\t\t\t\t<\/section>\r\n\t\t\t\t<section class=\"elementor-section elementor-top-section elementor-element elementor-element-7e6857bf elementor-section-boxed elementor-section-height-default elementor-section-height-default\" data-id=\"7e6857bf\" data-element_type=\"section\" data-e-type=\"section\">\r\n\t\t\r\n\t\t\t\t\t\t\t<div class=\"elementor-container elementor-column-gap-default\">\r\n\t\t\t\t\t\t\t\t\t\t\t<div class=\"elementor-column elementor-col-100 elementor-top-column elementor-element elementor-element-4d6357c7\" data-id=\"4d6357c7\" data-element_type=\"column\" data-e-type=\"column\">\r\n\t\t\t\t\t<div class=\"elementor-widget-wrap elementor-element-populated\">\r\n\t\t\t\t\t\t\t\t<div class=\"elementor-element elementor-element-5b7dfcb6 animated-fast elementor-invisible elementor-widget elementor-widget-heading\" data-id=\"5b7dfcb6\" data-element_type=\"widget\" data-e-type=\"widget\" data-settings=\"{&quot;_animation&quot;:&quot;fadeInUp&quot;,&quot;_animation_delay&quot;:&quot;100&quot;}\" data-widget_type=\"heading.default\">\n\t\t\t\t<div class=\"elementor-widget-container\">\n\t\t\t\t\t<h2 class=\"elementor-heading-title elementor-size-default\">NUESTRAS PRODUCTOS<\/h2>\t\t\t\t<\/div>\n\t\t\t\t<\/div>\n\t\t\t\t<div class=\"elementor-element elementor-element-70508f9a customLineProgressAnim my-3 elementor-widget-divider--view-line elementor-invisible elementor-widget elementor-widget-divider\" data-id=\"70508f9a\" data-element_type=\"widget\" data-e-type=\"widget\" data-settings=\"{&quot;_animation&quot;:&quot;fadeIn&quot;,&quot;_animation_delay&quot;:&quot;300&quot;}\" data-widget_type=\"divider.default\">\n\t\t\t\t<div class=\"elementor-widget-container\">\n\t\t\t\t\t\t\t<div class=\"elementor-divider\">\n\t\t\t<span class=\"elementor-divider-separator\">\n\t\t\t\t\t\t<\/span>\n\t\t<\/div>\n\t\t\t\t\t\t<\/div>\n\t\t\t\t<\/div>\n\t\t\t\t<div class=\"elementor-element elementor-element-55d38713 mb-5 animated-fast elementor-invisible elementor-widget elementor-widget-heading\" data-id=\"55d38713\" data-element_type=\"widget\" data-e-type=\"widget\" data-settings=\"{&quot;_animation&quot;:&quot;fadeInUp&quot;,&quot;_animation_delay&quot;:100}\" data-widget_type=\"heading.default\">\n\t\t\t\t<div class=\"elementor-widget-container\">\n\t\t\t\t\t<p class=\"elementor-heading-title elementor-size-default\">Con el fin de brindarle un mejor servicio, estamos optimizando los materiales relacionados con nuestros productos. Las im\u00e1genes y los detalles t\u00e9cnicos de nuestros productos se subir\u00e1n lo antes posible.<\/p>\t\t\t\t<\/div>\n\t\t\t\t<\/div>\n\t\t\t\t\t<\/div>\r\n\t\t\t\t<\/div>\r\n\t\t\t\t\t<\/div>\r\n\t\t\t\t<\/section>\r\n\t\t\t\t<\/div>","protected":false},"excerpt":{"rendered":"<p>AIR TANKS AND PRESSURE TANKS At the company for which we provide consulting services, air tanks are manufactured in accordance with DIN, CE, TUV, TUV AUSTRIA, BUREAU VERITAS (BV), RINA, DNV GL, GOST quality standards and under the supervision of the Chamber of Mechanical Engineers. The air tanks are produced in line with high-quality standards [&hellip;]<\/p>","protected":false},"author":1,"featured_media":0,"parent":0,"menu_order":0,"comment_status":"closed","ping_status":"closed","template":"","meta":{"footnotes":""},"class_list":["post-10994","page","type-page","status-publish","hentry"],"yoast_head":"<!-- This site is optimized with the Yoast SEO plugin v27.2 - https:\/\/yoast.com\/product\/yoast-seo-wordpress\/ -->\n<title>AIR TANKS AND PRESSURE TANKS - Eltegon<\/title>\n<meta name=\"robots\" content=\"index, follow, max-snippet:-1, max-image-preview:large, max-video-preview:-1\" \/>\n<link rel=\"canonical\" href=\"https:\/\/www.eltegon.com\/es\/tanques-de-aire-tanques-de-presion-y-amplificadores-pagina\/\" \/>\n<meta property=\"og:locale\" content=\"es_ES\" \/>\n<meta property=\"og:type\" content=\"article\" \/>\n<meta property=\"og:title\" content=\"AIR TANKS AND PRESSURE TANKS - Eltegon\" \/>\n<meta property=\"og:description\" content=\"AIR TANKS AND PRESSURE TANKS At the company for which we provide consulting services, air tanks are manufactured in accordance with DIN, CE, TUV, TUV AUSTRIA, BUREAU VERITAS (BV), RINA, DNV GL, GOST quality standards and under the supervision of the Chamber of Mechanical Engineers. The air tanks are produced in line with high-quality standards [&hellip;]\" \/>\n<meta property=\"og:url\" content=\"https:\/\/www.eltegon.com\/es\/tanques-de-aire-tanques-de-presion-y-amplificadores-pagina\/\" \/>\n<meta property=\"og:site_name\" content=\"Eltegon\" \/>\n<meta property=\"article:publisher\" content=\"https:\/\/www.facebook.com\/people\/Eltegon\/61565661824666\/\" \/>\n<meta property=\"article:modified_time\" content=\"2024-11-08T20:10:56+00:00\" \/>\n<meta property=\"og:image\" content=\"https:\/\/www.eltegon.com\/wp-content\/uploads\/2024\/10\/AIR-TANKS-PRESSURE-TANKS1-1-451x440.jpg\" \/>\n<meta name=\"twitter:card\" content=\"summary_large_image\" \/>\n<meta name=\"twitter:label1\" content=\"Tiempo de lectura\" \/>\n\t<meta name=\"twitter:data1\" content=\"2 minutos\" \/>\n<script type=\"application\/ld+json\" class=\"yoast-schema-graph\">{\"@context\":\"https:\/\/schema.org\",\"@graph\":[{\"@type\":\"WebPage\",\"@id\":\"https:\/\/www.eltegon.com\/air-tanks-and-pressure-tanks\/\",\"url\":\"https:\/\/www.eltegon.com\/air-tanks-and-pressure-tanks\/\",\"name\":\"AIR TANKS AND PRESSURE TANKS - Eltegon\",\"isPartOf\":{\"@id\":\"https:\/\/www.eltegon.com\/#website\"},\"primaryImageOfPage\":{\"@id\":\"https:\/\/www.eltegon.com\/air-tanks-and-pressure-tanks\/#primaryimage\"},\"image\":{\"@id\":\"https:\/\/www.eltegon.com\/air-tanks-and-pressure-tanks\/#primaryimage\"},\"thumbnailUrl\":\"https:\/\/www.eltegon.com\/wp-content\/uploads\/2024\/10\/AIR-TANKS-PRESSURE-TANKS1-1-451x440.jpg\",\"datePublished\":\"2024-10-22T22:05:24+00:00\",\"dateModified\":\"2024-11-08T20:10:56+00:00\",\"breadcrumb\":{\"@id\":\"https:\/\/www.eltegon.com\/air-tanks-and-pressure-tanks\/#breadcrumb\"},\"inLanguage\":\"es\",\"potentialAction\":[{\"@type\":\"ReadAction\",\"target\":[\"https:\/\/www.eltegon.com\/air-tanks-and-pressure-tanks\/\"]}]},{\"@type\":\"ImageObject\",\"inLanguage\":\"es\",\"@id\":\"https:\/\/www.eltegon.com\/air-tanks-and-pressure-tanks\/#primaryimage\",\"url\":\"https:\/\/www.eltegon.com\/wp-content\/uploads\/2024\/10\/AIR-TANKS-PRESSURE-TANKS1-1-451x440.jpg\",\"contentUrl\":\"https:\/\/www.eltegon.com\/wp-content\/uploads\/2024\/10\/AIR-TANKS-PRESSURE-TANKS1-1-451x440.jpg\"},{\"@type\":\"BreadcrumbList\",\"@id\":\"https:\/\/www.eltegon.com\/air-tanks-and-pressure-tanks\/#breadcrumb\",\"itemListElement\":[{\"@type\":\"ListItem\",\"position\":1,\"name\":\"Home\",\"item\":\"https:\/\/www.eltegon.com\/\"},{\"@type\":\"ListItem\",\"position\":2,\"name\":\"AIR TANKS AND PRESSURE TANKS\"}]},{\"@type\":\"WebSite\",\"@id\":\"https:\/\/www.eltegon.com\/#website\",\"url\":\"https:\/\/www.eltegon.com\/\",\"name\":\"Eltegon\",\"description\":\"Where Courage Meets Commerce! Manufacturer in Turkiye\",\"publisher\":{\"@id\":\"https:\/\/www.eltegon.com\/#organization\"},\"potentialAction\":[{\"@type\":\"SearchAction\",\"target\":{\"@type\":\"EntryPoint\",\"urlTemplate\":\"https:\/\/www.eltegon.com\/?s={search_term_string}\"},\"query-input\":{\"@type\":\"PropertyValueSpecification\",\"valueRequired\":true,\"valueName\":\"search_term_string\"}}],\"inLanguage\":\"es\"},{\"@type\":\"Organization\",\"@id\":\"https:\/\/www.eltegon.com\/#organization\",\"name\":\"Eltegon\",\"url\":\"https:\/\/www.eltegon.com\/\",\"logo\":{\"@type\":\"ImageObject\",\"inLanguage\":\"es\",\"@id\":\"https:\/\/www.eltegon.com\/#\/schema\/logo\/image\/\",\"url\":\"https:\/\/www.eltegon.com\/wp-content\/uploads\/2024\/10\/cropped-favicon.png\",\"contentUrl\":\"https:\/\/www.eltegon.com\/wp-content\/uploads\/2024\/10\/cropped-favicon.png\",\"width\":512,\"height\":512,\"caption\":\"Eltegon\"},\"image\":{\"@id\":\"https:\/\/www.eltegon.com\/#\/schema\/logo\/image\/\"},\"sameAs\":[\"https:\/\/www.facebook.com\/people\/Eltegon\/61565661824666\/\",\"https:\/\/www.instagram.com\/eltegonglobal\/\"]}]}<\/script>\n<!-- \/ Yoast SEO plugin. -->","yoast_head_json":{"title":"TANQUES DE AIRE Y TANQUES DE PRESI\u00d3N - Eltegon","robots":{"index":"index","follow":"follow","max-snippet":"max-snippet:-1","max-image-preview":"max-image-preview:large","max-video-preview":"max-video-preview:-1"},"canonical":"https:\/\/www.eltegon.com\/es\/tanques-de-aire-tanques-de-presion-y-amplificadores-pagina\/","og_locale":"es_ES","og_type":"article","og_title":"AIR TANKS AND PRESSURE TANKS - Eltegon","og_description":"AIR TANKS AND PRESSURE TANKS At the company for which we provide consulting services, air tanks are manufactured in accordance with DIN, CE, TUV, TUV AUSTRIA, BUREAU VERITAS (BV), RINA, DNV GL, GOST quality standards and under the supervision of the Chamber of Mechanical Engineers. The air tanks are produced in line with high-quality standards [&hellip;]","og_url":"https:\/\/www.eltegon.com\/es\/tanques-de-aire-tanques-de-presion-y-amplificadores-pagina\/","og_site_name":"Eltegon","article_publisher":"https:\/\/www.facebook.com\/people\/Eltegon\/61565661824666\/","article_modified_time":"2024-11-08T20:10:56+00:00","og_image":[{"url":"https:\/\/www.eltegon.com\/wp-content\/uploads\/2024\/10\/AIR-TANKS-PRESSURE-TANKS1-1-451x440.jpg","type":"","width":"","height":""}],"twitter_card":"summary_large_image","twitter_misc":{"Tiempo de lectura":"2 minutos"},"schema":{"@context":"https:\/\/schema.org","@graph":[{"@type":"WebPage","@id":"https:\/\/www.eltegon.com\/air-tanks-and-pressure-tanks\/","url":"https:\/\/www.eltegon.com\/air-tanks-and-pressure-tanks\/","name":"TANQUES DE AIRE Y TANQUES DE PRESI\u00d3N - Eltegon","isPartOf":{"@id":"https:\/\/www.eltegon.com\/#website"},"primaryImageOfPage":{"@id":"https:\/\/www.eltegon.com\/air-tanks-and-pressure-tanks\/#primaryimage"},"image":{"@id":"https:\/\/www.eltegon.com\/air-tanks-and-pressure-tanks\/#primaryimage"},"thumbnailUrl":"https:\/\/www.eltegon.com\/wp-content\/uploads\/2024\/10\/AIR-TANKS-PRESSURE-TANKS1-1-451x440.jpg","datePublished":"2024-10-22T22:05:24+00:00","dateModified":"2024-11-08T20:10:56+00:00","breadcrumb":{"@id":"https:\/\/www.eltegon.com\/air-tanks-and-pressure-tanks\/#breadcrumb"},"inLanguage":"es","potentialAction":[{"@type":"ReadAction","target":["https:\/\/www.eltegon.com\/air-tanks-and-pressure-tanks\/"]}]},{"@type":"ImageObject","inLanguage":"es","@id":"https:\/\/www.eltegon.com\/air-tanks-and-pressure-tanks\/#primaryimage","url":"https:\/\/www.eltegon.com\/wp-content\/uploads\/2024\/10\/AIR-TANKS-PRESSURE-TANKS1-1-451x440.jpg","contentUrl":"https:\/\/www.eltegon.com\/wp-content\/uploads\/2024\/10\/AIR-TANKS-PRESSURE-TANKS1-1-451x440.jpg"},{"@type":"BreadcrumbList","@id":"https:\/\/www.eltegon.com\/air-tanks-and-pressure-tanks\/#breadcrumb","itemListElement":[{"@type":"ListItem","position":1,"name":"Home","item":"https:\/\/www.eltegon.com\/"},{"@type":"ListItem","position":2,"name":"AIR TANKS AND PRESSURE TANKS"}]},{"@type":"WebSite","@id":"https:\/\/www.eltegon.com\/#website","url":"https:\/\/www.eltegon.com\/","name":"ELTEGON","description":"Where Courage Meets Commerce! Manufacturer in Turkiye","publisher":{"@id":"https:\/\/www.eltegon.com\/#organization"},"potentialAction":[{"@type":"SearchAction","target":{"@type":"EntryPoint","urlTemplate":"https:\/\/www.eltegon.com\/?s={search_term_string}"},"query-input":{"@type":"PropertyValueSpecification","valueRequired":true,"valueName":"search_term_string"}}],"inLanguage":"es"},{"@type":"Organization","@id":"https:\/\/www.eltegon.com\/#organization","name":"ELTEGON","url":"https:\/\/www.eltegon.com\/","logo":{"@type":"ImageObject","inLanguage":"es","@id":"https:\/\/www.eltegon.com\/#\/schema\/logo\/image\/","url":"https:\/\/www.eltegon.com\/wp-content\/uploads\/2024\/10\/cropped-favicon.png","contentUrl":"https:\/\/www.eltegon.com\/wp-content\/uploads\/2024\/10\/cropped-favicon.png","width":512,"height":512,"caption":"Eltegon"},"image":{"@id":"https:\/\/www.eltegon.com\/#\/schema\/logo\/image\/"},"sameAs":["https:\/\/www.facebook.com\/people\/Eltegon\/61565661824666\/","https:\/\/www.instagram.com\/eltegonglobal\/"]}]}},"_links":{"self":[{"href":"https:\/\/www.eltegon.com\/es\/wp-json\/wp\/v2\/pages\/10994","targetHints":{"allow":["GET"]}}],"collection":[{"href":"https:\/\/www.eltegon.com\/es\/wp-json\/wp\/v2\/pages"}],"about":[{"href":"https:\/\/www.eltegon.com\/es\/wp-json\/wp\/v2\/types\/page"}],"author":[{"embeddable":true,"href":"https:\/\/www.eltegon.com\/es\/wp-json\/wp\/v2\/users\/1"}],"replies":[{"embeddable":true,"href":"https:\/\/www.eltegon.com\/es\/wp-json\/wp\/v2\/comments?post=10994"}],"version-history":[{"count":41,"href":"https:\/\/www.eltegon.com\/es\/wp-json\/wp\/v2\/pages\/10994\/revisions"}],"predecessor-version":[{"id":12035,"href":"https:\/\/www.eltegon.com\/es\/wp-json\/wp\/v2\/pages\/10994\/revisions\/12035"}],"wp:attachment":[{"href":"https:\/\/www.eltegon.com\/es\/wp-json\/wp\/v2\/media?parent=10994"}],"curies":[{"name":"wp","href":"https:\/\/api.w.org\/{rel}","templated":true}]}}