{"id":11040,"date":"2024-10-22T22:36:54","date_gmt":"2024-10-22T22:36:54","guid":{"rendered":"https:\/\/www.eltegon.com\/?page_id=11040"},"modified":"2024-11-03T12:34:32","modified_gmt":"2024-11-03T12:34:32","slug":"contract-manufacturing-page","status":"publish","type":"page","link":"https:\/\/www.eltegon.com\/es\/pagina-de-fabricacion-por-contrato\/","title":{"rendered":"FABRICACI\u00d3N POR CONTRATO"},"content":{"rendered":"<div data-elementor-type=\"wp-page\" data-elementor-id=\"11040\" class=\"elementor elementor-11040\" data-elementor-post-type=\"page\">\n\t\t\t\t\t\t<section class=\"elementor-section elementor-top-section elementor-element elementor-element-26f1eb0 elementor-section-boxed elementor-section-height-default elementor-section-height-default\" data-id=\"26f1eb0\" data-element_type=\"section\" data-e-type=\"section\">\r\n\t\t\r\n\t\t\t\t\t\t\t<div class=\"elementor-container elementor-column-gap-default\">\r\n\t\t\t\t\t\t\t\t\t\t\t<div class=\"elementor-column elementor-col-100 elementor-top-column elementor-element elementor-element-2f8fb12\" data-id=\"2f8fb12\" data-element_type=\"column\" data-e-type=\"column\">\r\n\t\t\t\t\t<div class=\"elementor-widget-wrap elementor-element-populated\">\r\n\t\t\t\t\t\t\t\t<div class=\"elementor-element elementor-element-a5bc707 elementor-widget elementor-widget-spacer\" data-id=\"a5bc707\" data-element_type=\"widget\" data-e-type=\"widget\" data-widget_type=\"spacer.default\">\n\t\t\t\t<div class=\"elementor-widget-container\">\n\t\t\t\t\t\t\t<div class=\"elementor-spacer\">\n\t\t\t<div class=\"elementor-spacer-inner\"><\/div>\n\t\t<\/div>\n\t\t\t\t\t\t<\/div>\n\t\t\t\t<\/div>\n\t\t\t\t\t<\/div>\r\n\t\t\t\t<\/div>\r\n\t\t\t\t\t<\/div>\r\n\t\t\t\t<\/section>\r\n\t\t\t\t<section class=\"elementor-section elementor-top-section elementor-element elementor-element-1106819e elementor-section-boxed elementor-section-height-default elementor-section-height-default\" data-id=\"1106819e\" data-element_type=\"section\" data-e-type=\"section\">\r\n\t\t\r\n\t\t\t\t\t\t\t<div class=\"elementor-container elementor-column-gap-default\">\r\n\t\t\t\t\t\t\t\t\t\t\t<div class=\"elementor-column elementor-col-50 elementor-top-column elementor-element elementor-element-35201998\" data-id=\"35201998\" data-element_type=\"column\" data-e-type=\"column\">\r\n\t\t\t\t\t<div class=\"elementor-widget-wrap elementor-element-populated\">\r\n\t\t\t\t\t\t\t\t<div class=\"elementor-element elementor-element-45a8bef9 animated-fast elementor-widget elementor-widget-heading\" data-id=\"45a8bef9\" data-element_type=\"widget\" data-e-type=\"widget\" data-settings=\"{&quot;_animation&quot;:&quot;none&quot;,&quot;_animation_delay&quot;:&quot;100&quot;}\" data-widget_type=\"heading.default\">\n\t\t\t\t<div class=\"elementor-widget-container\">\n\t\t\t\t\t<h2 class=\"elementor-heading-title elementor-size-default\">FABRICACI\u00d3N POR CONTRATO<\/h2>\t\t\t\t<\/div>\n\t\t\t\t<\/div>\n\t\t\t\t<div class=\"elementor-element elementor-element-76ab00ed customLineProgressAnim my-3 elementor-widget-divider--view-line elementor-invisible elementor-widget elementor-widget-divider\" data-id=\"76ab00ed\" data-element_type=\"widget\" data-e-type=\"widget\" data-settings=\"{&quot;_animation&quot;:&quot;fadeIn&quot;,&quot;_animation_delay&quot;:&quot;300&quot;}\" data-widget_type=\"divider.default\">\n\t\t\t\t<div class=\"elementor-widget-container\">\n\t\t\t\t\t\t\t<div class=\"elementor-divider\">\n\t\t\t<span class=\"elementor-divider-separator\">\n\t\t\t\t\t\t<\/span>\n\t\t<\/div>\n\t\t\t\t\t\t<\/div>\n\t\t\t\t<\/div>\n\t\t\t\t<div class=\"elementor-element elementor-element-59e0d8c3 elementor-widget elementor-widget-text-editor\" data-id=\"59e0d8c3\" data-element_type=\"widget\" data-e-type=\"widget\" data-widget_type=\"text-editor.default\">\n\t\t\t\t<div class=\"elementor-widget-container\">\n\t\t\t\t\t\t\t\t\t<p>Nuestra empresa de consultor\u00eda ofrece servicios de fabricaci\u00f3n por contrato como el corte por plasma y tapas prensadas. Adem\u00e1s, las solicitudes espec\u00edficas de los clientes son planificadas y fabricadas en la f\u00e1brica. El portafolio de producci\u00f3n incluye tapas bombeadas\/bombeado de tapas, prensas de tapas, pintura en polvo, recipientes a presi\u00f3n y sin presi\u00f3n, entre otros.<\/p>\t\t\t\t\t\t\t\t<\/div>\n\t\t\t\t<\/div>\n\t\t\t\t<div class=\"elementor-element elementor-element-c1765c7 animated-fast elementor-invisible elementor-widget elementor-widget-porto_button\" data-id=\"c1765c7\" data-element_type=\"widget\" data-e-type=\"widget\" data-settings=\"{&quot;_animation&quot;:&quot;fadeInRight&quot;,&quot;_animation_delay&quot;:50,&quot;align&quot;:&quot;left&quot;}\" data-widget_type=\"porto_button.default\">\n\t\t\t\t<div class=\"elementor-widget-container\">\n\t\t\t\t\t<a aria-label=\"bot\u00f3n\" class=\"btn btn-md btn-primary btn-borders btn-full-rounded\" href=\"https:\/\/www.eltegon.com\/es\/cita\/\"><span >CITA<\/span><\/a>\t\t\t\t<\/div>\n\t\t\t\t<\/div>\n\t\t\t\t\t<\/div>\r\n\t\t\t\t<\/div>\r\n\t\t\t\t<div class=\"elementor-column elementor-col-50 elementor-top-column elementor-element elementor-element-59dd03d8\" data-id=\"59dd03d8\" data-element_type=\"column\" data-e-type=\"column\">\r\n\t\t\t\t\t<div class=\"elementor-widget-wrap elementor-element-populated\">\r\n\t\t\t\t\t\t\t\t<div class=\"elementor-element elementor-element-54bf9988 elementor-widget elementor-widget-image-gallery\" data-id=\"54bf9988\" data-element_type=\"widget\" data-e-type=\"widget\" data-widget_type=\"image-gallery.default\">\n\t\t\t\t<div class=\"elementor-widget-container\">\n\t\t\t\t\t\t\t<div class=\"elementor-image-gallery\">\n\t\t\t<div id='gallery-1' class='gallery galleryid-11040 gallery-columns-2 gallery-size-medium'><figure class='gallery-item'>\n\t\t\t<div class='gallery-icon landscape'>\n\t\t\t\t<img fetchpriority=\"high\" decoding=\"async\" width=\"364\" height=\"330\" src=\"https:\/\/www.eltegon.com\/wp-content\/uploads\/2024\/10\/CONTRACT-MANUFACTURING2-364x330.jpg\" class=\"attachment-medium size-medium\" alt=\"\" \/>\n\t\t\t<\/div><\/figure><figure class='gallery-item'>\n\t\t\t<div class='gallery-icon landscape'>\n\t\t\t\t<img decoding=\"async\" width=\"330\" height=\"330\" src=\"https:\/\/www.eltegon.com\/wp-content\/uploads\/2024\/10\/CONTRACT-MANUFACTURING3-330x330.webp\" class=\"attachment-medium size-medium\" alt=\"\" \/>\n\t\t\t<\/div><\/figure><figure class='gallery-item'>\n\t\t\t<div class='gallery-icon landscape'>\n\t\t\t\t<img decoding=\"async\" width=\"330\" height=\"330\" src=\"https:\/\/www.eltegon.com\/wp-content\/uploads\/2024\/10\/CONTRACT-MANUFACTURING4-330x330.webp\" class=\"attachment-medium size-medium\" alt=\"\" \/>\n\t\t\t<\/div><\/figure><figure class='gallery-item'>\n\t\t\t<div class='gallery-icon landscape'>\n\t\t\t\t<img loading=\"lazy\" decoding=\"async\" width=\"330\" height=\"330\" src=\"https:\/\/www.eltegon.com\/wp-content\/uploads\/2024\/10\/CONTRACT-MANUFACTURING14-330x330.jpg\" class=\"attachment-medium size-medium\" alt=\"\" \/>\n\t\t\t<\/div><\/figure>\n\t\t<\/div>\n\t\t<\/div>\n\t\t\t\t\t\t<\/div>\n\t\t\t\t<\/div>\n\t\t\t\t\t<\/div>\r\n\t\t\t\t<\/div>\r\n\t\t\t\t\t<\/div>\r\n\t\t\t\t<\/section>\r\n\t\t\t\t<section class=\"elementor-section elementor-top-section elementor-element elementor-element-20a6fd7 elementor-section-boxed elementor-section-height-default elementor-section-height-default\" data-id=\"20a6fd7\" data-element_type=\"section\" data-e-type=\"section\">\r\n\t\t\r\n\t\t\t\t\t\t\t<div class=\"elementor-container elementor-column-gap-default\">\r\n\t\t\t\t\t\t\t\t\t\t\t<div class=\"elementor-column elementor-col-100 elementor-top-column elementor-element elementor-element-7febf169\" data-id=\"7febf169\" data-element_type=\"column\" data-e-type=\"column\">\r\n\t\t\t\t\t<div class=\"elementor-widget-wrap elementor-element-populated\">\r\n\t\t\t\t\t\t\t\t<div class=\"elementor-element elementor-element-157aaef3 animated-fast elementor-widget elementor-widget-heading\" data-id=\"157aaef3\" data-element_type=\"widget\" data-e-type=\"widget\" data-settings=\"{&quot;_animation&quot;:&quot;none&quot;,&quot;_animation_delay&quot;:&quot;100&quot;}\" data-widget_type=\"heading.default\">\n\t\t\t\t<div class=\"elementor-widget-container\">\n\t\t\t\t\t<h2 class=\"elementor-heading-title elementor-size-default\">NUESTRAS PRODUCTOS<\/h2>\t\t\t\t<\/div>\n\t\t\t\t<\/div>\n\t\t\t\t<div class=\"elementor-element elementor-element-13fb71ea customLineProgressAnim my-3 elementor-widget-divider--view-line elementor-invisible elementor-widget elementor-widget-divider\" data-id=\"13fb71ea\" data-element_type=\"widget\" data-e-type=\"widget\" data-settings=\"{&quot;_animation&quot;:&quot;fadeIn&quot;,&quot;_animation_delay&quot;:&quot;300&quot;}\" data-widget_type=\"divider.default\">\n\t\t\t\t<div class=\"elementor-widget-container\">\n\t\t\t\t\t\t\t<div class=\"elementor-divider\">\n\t\t\t<span class=\"elementor-divider-separator\">\n\t\t\t\t\t\t<\/span>\n\t\t<\/div>\n\t\t\t\t\t\t<\/div>\n\t\t\t\t<\/div>\n\t\t\t\t<div class=\"elementor-element elementor-element-5770f781 mb-5 animated-fast elementor-widget elementor-widget-heading\" data-id=\"5770f781\" data-element_type=\"widget\" data-e-type=\"widget\" data-settings=\"{&quot;_animation&quot;:&quot;none&quot;,&quot;_animation_delay&quot;:100}\" data-widget_type=\"heading.default\">\n\t\t\t\t<div class=\"elementor-widget-container\">\n\t\t\t\t\t<p class=\"elementor-heading-title elementor-size-default\">Con el fin de brindarle un mejor servicio, estamos optimizando los materiales relacionados con nuestros productos. Las im\u00e1genes y los detalles t\u00e9cnicos de nuestros productos se subir\u00e1n lo antes posible.<\/p>\t\t\t\t<\/div>\n\t\t\t\t<\/div>\n\t\t\t\t\t<\/div>\r\n\t\t\t\t<\/div>\r\n\t\t\t\t\t<\/div>\r\n\t\t\t\t<\/section>\r\n\t\t\t\t<\/div>","protected":false},"excerpt":{"rendered":"<p>CONTRACT MANUFACTURING Our consulting firm provides contract manufacturing services such as plasma cutting and pressed domes. In addition, customer-based requests are planned and manufactured by the factory. The production portfolio includes dished heads, dished press, powder painting, pressure and non-pressure vessels, among others. QUOTE OUR PRODUCTS In order to provide you with better service, we [&hellip;]<\/p>","protected":false},"author":1,"featured_media":0,"parent":0,"menu_order":0,"comment_status":"closed","ping_status":"closed","template":"","meta":{"footnotes":""},"class_list":["post-11040","page","type-page","status-publish","hentry"],"yoast_head":"<!-- This site is optimized with the Yoast SEO plugin v27.2 - https:\/\/yoast.com\/product\/yoast-seo-wordpress\/ -->\n<title>CONTRACT MANUFACTURING - Eltegon<\/title>\n<meta name=\"robots\" content=\"index, follow, max-snippet:-1, max-image-preview:large, max-video-preview:-1\" \/>\n<link rel=\"canonical\" href=\"https:\/\/www.eltegon.com\/es\/pagina-de-fabricacion-por-contrato\/\" \/>\n<meta property=\"og:locale\" content=\"es_ES\" \/>\n<meta property=\"og:type\" content=\"article\" \/>\n<meta property=\"og:title\" content=\"CONTRACT MANUFACTURING - Eltegon\" \/>\n<meta property=\"og:description\" content=\"CONTRACT MANUFACTURING Our consulting firm provides contract manufacturing services such as plasma cutting and pressed domes. In addition, customer-based requests are planned and manufactured by the factory. The production portfolio includes dished heads, dished press, powder painting, pressure and non-pressure vessels, among others. QUOTE OUR PRODUCTS In order to provide you with better service, we [&hellip;]\" \/>\n<meta property=\"og:url\" content=\"https:\/\/www.eltegon.com\/es\/pagina-de-fabricacion-por-contrato\/\" \/>\n<meta property=\"og:site_name\" content=\"Eltegon\" \/>\n<meta property=\"article:publisher\" content=\"https:\/\/www.facebook.com\/people\/Eltegon\/61565661824666\/\" \/>\n<meta property=\"article:modified_time\" content=\"2024-11-03T12:34:32+00:00\" \/>\n<meta property=\"og:image\" content=\"https:\/\/www.eltegon.com\/wp-content\/uploads\/2024\/10\/CONTRACT-MANUFACTURING2-364x330.jpg\" \/>\n<meta name=\"twitter:card\" content=\"summary_large_image\" \/>\n<script type=\"application\/ld+json\" class=\"yoast-schema-graph\">{\"@context\":\"https:\/\/schema.org\",\"@graph\":[{\"@type\":\"WebPage\",\"@id\":\"https:\/\/www.eltegon.com\/contract-manufacturing-page\/\",\"url\":\"https:\/\/www.eltegon.com\/contract-manufacturing-page\/\",\"name\":\"CONTRACT MANUFACTURING - Eltegon\",\"isPartOf\":{\"@id\":\"https:\/\/www.eltegon.com\/#website\"},\"primaryImageOfPage\":{\"@id\":\"https:\/\/www.eltegon.com\/contract-manufacturing-page\/#primaryimage\"},\"image\":{\"@id\":\"https:\/\/www.eltegon.com\/contract-manufacturing-page\/#primaryimage\"},\"thumbnailUrl\":\"https:\/\/www.eltegon.com\/wp-content\/uploads\/2024\/10\/CONTRACT-MANUFACTURING2-364x330.jpg\",\"datePublished\":\"2024-10-22T22:36:54+00:00\",\"dateModified\":\"2024-11-03T12:34:32+00:00\",\"breadcrumb\":{\"@id\":\"https:\/\/www.eltegon.com\/contract-manufacturing-page\/#breadcrumb\"},\"inLanguage\":\"es\",\"potentialAction\":[{\"@type\":\"ReadAction\",\"target\":[\"https:\/\/www.eltegon.com\/contract-manufacturing-page\/\"]}]},{\"@type\":\"ImageObject\",\"inLanguage\":\"es\",\"@id\":\"https:\/\/www.eltegon.com\/contract-manufacturing-page\/#primaryimage\",\"url\":\"https:\/\/www.eltegon.com\/wp-content\/uploads\/2024\/10\/CONTRACT-MANUFACTURING2-364x330.jpg\",\"contentUrl\":\"https:\/\/www.eltegon.com\/wp-content\/uploads\/2024\/10\/CONTRACT-MANUFACTURING2-364x330.jpg\"},{\"@type\":\"BreadcrumbList\",\"@id\":\"https:\/\/www.eltegon.com\/contract-manufacturing-page\/#breadcrumb\",\"itemListElement\":[{\"@type\":\"ListItem\",\"position\":1,\"name\":\"Home\",\"item\":\"https:\/\/www.eltegon.com\/\"},{\"@type\":\"ListItem\",\"position\":2,\"name\":\"CONTRACT MANUFACTURING\"}]},{\"@type\":\"WebSite\",\"@id\":\"https:\/\/www.eltegon.com\/#website\",\"url\":\"https:\/\/www.eltegon.com\/\",\"name\":\"Eltegon\",\"description\":\"Where Courage Meets Commerce! Manufacturer in Turkiye\",\"publisher\":{\"@id\":\"https:\/\/www.eltegon.com\/#organization\"},\"potentialAction\":[{\"@type\":\"SearchAction\",\"target\":{\"@type\":\"EntryPoint\",\"urlTemplate\":\"https:\/\/www.eltegon.com\/?s={search_term_string}\"},\"query-input\":{\"@type\":\"PropertyValueSpecification\",\"valueRequired\":true,\"valueName\":\"search_term_string\"}}],\"inLanguage\":\"es\"},{\"@type\":\"Organization\",\"@id\":\"https:\/\/www.eltegon.com\/#organization\",\"name\":\"Eltegon\",\"url\":\"https:\/\/www.eltegon.com\/\",\"logo\":{\"@type\":\"ImageObject\",\"inLanguage\":\"es\",\"@id\":\"https:\/\/www.eltegon.com\/#\/schema\/logo\/image\/\",\"url\":\"https:\/\/www.eltegon.com\/wp-content\/uploads\/2024\/10\/cropped-favicon.png\",\"contentUrl\":\"https:\/\/www.eltegon.com\/wp-content\/uploads\/2024\/10\/cropped-favicon.png\",\"width\":512,\"height\":512,\"caption\":\"Eltegon\"},\"image\":{\"@id\":\"https:\/\/www.eltegon.com\/#\/schema\/logo\/image\/\"},\"sameAs\":[\"https:\/\/www.facebook.com\/people\/Eltegon\/61565661824666\/\",\"https:\/\/www.instagram.com\/eltegonglobal\/\"]}]}<\/script>\n<!-- \/ Yoast SEO plugin. -->","yoast_head_json":{"title":"FABRICACI\u00d3N POR CONTRATO - Eltegon","robots":{"index":"index","follow":"follow","max-snippet":"max-snippet:-1","max-image-preview":"max-image-preview:large","max-video-preview":"max-video-preview:-1"},"canonical":"https:\/\/www.eltegon.com\/es\/pagina-de-fabricacion-por-contrato\/","og_locale":"es_ES","og_type":"article","og_title":"CONTRACT MANUFACTURING - Eltegon","og_description":"CONTRACT MANUFACTURING Our consulting firm provides contract manufacturing services such as plasma cutting and pressed domes. In addition, customer-based requests are planned and manufactured by the factory. The production portfolio includes dished heads, dished press, powder painting, pressure and non-pressure vessels, among others. QUOTE OUR PRODUCTS In order to provide you with better service, we [&hellip;]","og_url":"https:\/\/www.eltegon.com\/es\/pagina-de-fabricacion-por-contrato\/","og_site_name":"Eltegon","article_publisher":"https:\/\/www.facebook.com\/people\/Eltegon\/61565661824666\/","article_modified_time":"2024-11-03T12:34:32+00:00","og_image":[{"url":"https:\/\/www.eltegon.com\/wp-content\/uploads\/2024\/10\/CONTRACT-MANUFACTURING2-364x330.jpg","type":"","width":"","height":""}],"twitter_card":"summary_large_image","schema":{"@context":"https:\/\/schema.org","@graph":[{"@type":"WebPage","@id":"https:\/\/www.eltegon.com\/contract-manufacturing-page\/","url":"https:\/\/www.eltegon.com\/contract-manufacturing-page\/","name":"FABRICACI\u00d3N POR CONTRATO - Eltegon","isPartOf":{"@id":"https:\/\/www.eltegon.com\/#website"},"primaryImageOfPage":{"@id":"https:\/\/www.eltegon.com\/contract-manufacturing-page\/#primaryimage"},"image":{"@id":"https:\/\/www.eltegon.com\/contract-manufacturing-page\/#primaryimage"},"thumbnailUrl":"https:\/\/www.eltegon.com\/wp-content\/uploads\/2024\/10\/CONTRACT-MANUFACTURING2-364x330.jpg","datePublished":"2024-10-22T22:36:54+00:00","dateModified":"2024-11-03T12:34:32+00:00","breadcrumb":{"@id":"https:\/\/www.eltegon.com\/contract-manufacturing-page\/#breadcrumb"},"inLanguage":"es","potentialAction":[{"@type":"ReadAction","target":["https:\/\/www.eltegon.com\/contract-manufacturing-page\/"]}]},{"@type":"ImageObject","inLanguage":"es","@id":"https:\/\/www.eltegon.com\/contract-manufacturing-page\/#primaryimage","url":"https:\/\/www.eltegon.com\/wp-content\/uploads\/2024\/10\/CONTRACT-MANUFACTURING2-364x330.jpg","contentUrl":"https:\/\/www.eltegon.com\/wp-content\/uploads\/2024\/10\/CONTRACT-MANUFACTURING2-364x330.jpg"},{"@type":"BreadcrumbList","@id":"https:\/\/www.eltegon.com\/contract-manufacturing-page\/#breadcrumb","itemListElement":[{"@type":"ListItem","position":1,"name":"Home","item":"https:\/\/www.eltegon.com\/"},{"@type":"ListItem","position":2,"name":"CONTRACT MANUFACTURING"}]},{"@type":"WebSite","@id":"https:\/\/www.eltegon.com\/#website","url":"https:\/\/www.eltegon.com\/","name":"ELTEGON","description":"Where Courage Meets Commerce! Manufacturer in Turkiye","publisher":{"@id":"https:\/\/www.eltegon.com\/#organization"},"potentialAction":[{"@type":"SearchAction","target":{"@type":"EntryPoint","urlTemplate":"https:\/\/www.eltegon.com\/?s={search_term_string}"},"query-input":{"@type":"PropertyValueSpecification","valueRequired":true,"valueName":"search_term_string"}}],"inLanguage":"es"},{"@type":"Organization","@id":"https:\/\/www.eltegon.com\/#organization","name":"ELTEGON","url":"https:\/\/www.eltegon.com\/","logo":{"@type":"ImageObject","inLanguage":"es","@id":"https:\/\/www.eltegon.com\/#\/schema\/logo\/image\/","url":"https:\/\/www.eltegon.com\/wp-content\/uploads\/2024\/10\/cropped-favicon.png","contentUrl":"https:\/\/www.eltegon.com\/wp-content\/uploads\/2024\/10\/cropped-favicon.png","width":512,"height":512,"caption":"Eltegon"},"image":{"@id":"https:\/\/www.eltegon.com\/#\/schema\/logo\/image\/"},"sameAs":["https:\/\/www.facebook.com\/people\/Eltegon\/61565661824666\/","https:\/\/www.instagram.com\/eltegonglobal\/"]}]}},"_links":{"self":[{"href":"https:\/\/www.eltegon.com\/es\/wp-json\/wp\/v2\/pages\/11040","targetHints":{"allow":["GET"]}}],"collection":[{"href":"https:\/\/www.eltegon.com\/es\/wp-json\/wp\/v2\/pages"}],"about":[{"href":"https:\/\/www.eltegon.com\/es\/wp-json\/wp\/v2\/types\/page"}],"author":[{"embeddable":true,"href":"https:\/\/www.eltegon.com\/es\/wp-json\/wp\/v2\/users\/1"}],"replies":[{"embeddable":true,"href":"https:\/\/www.eltegon.com\/es\/wp-json\/wp\/v2\/comments?post=11040"}],"version-history":[{"count":28,"href":"https:\/\/www.eltegon.com\/es\/wp-json\/wp\/v2\/pages\/11040\/revisions"}],"predecessor-version":[{"id":11844,"href":"https:\/\/www.eltegon.com\/es\/wp-json\/wp\/v2\/pages\/11040\/revisions\/11844"}],"wp:attachment":[{"href":"https:\/\/www.eltegon.com\/es\/wp-json\/wp\/v2\/media?parent=11040"}],"curies":[{"name":"wp","href":"https:\/\/api.w.org\/{rel}","templated":true}]}}