{"id":11025,"date":"2024-10-22T22:28:30","date_gmt":"2024-10-22T22:28:30","guid":{"rendered":"https:\/\/www.eltegon.com\/?page_id=11025"},"modified":"2024-11-08T20:14:06","modified_gmt":"2024-11-08T20:14:06","slug":"modular-water-tanks-and-hydrofor-systems-page","status":"publish","type":"page","link":"https:\/\/www.eltegon.com\/fr\/reservoirs-deau-modulaires-et-systemes-hydrofor\/","title":{"rendered":"R\u00c9SERVOIRS D'EAU MODULAIRES ET SYST\u00c8MES HYDROFOR"},"content":{"rendered":"<div data-elementor-type=\"wp-page\" data-elementor-id=\"11025\" class=\"elementor elementor-11025\" data-elementor-post-type=\"page\">\n\t\t\t\t\t\t<section class=\"elementor-section elementor-top-section elementor-element elementor-element-bc29c56 elementor-section-boxed elementor-section-height-default elementor-section-height-default\" data-id=\"bc29c56\" data-element_type=\"section\" data-e-type=\"section\">\r\n\t\t\r\n\t\t\t\t\t\t\t<div class=\"elementor-container elementor-column-gap-default\">\r\n\t\t\t\t\t\t\t\t\t\t\t<div class=\"elementor-column elementor-col-100 elementor-top-column elementor-element elementor-element-2dc9e0f\" data-id=\"2dc9e0f\" data-element_type=\"column\" data-e-type=\"column\">\r\n\t\t\t\t\t<div class=\"elementor-widget-wrap elementor-element-populated\">\r\n\t\t\t\t\t\t\t\t<div class=\"elementor-element elementor-element-4a06943 elementor-widget elementor-widget-spacer\" data-id=\"4a06943\" data-element_type=\"widget\" data-e-type=\"widget\" data-widget_type=\"spacer.default\">\n\t\t\t\t<div class=\"elementor-widget-container\">\n\t\t\t\t\t\t\t<div class=\"elementor-spacer\">\n\t\t\t<div class=\"elementor-spacer-inner\"><\/div>\n\t\t<\/div>\n\t\t\t\t\t\t<\/div>\n\t\t\t\t<\/div>\n\t\t\t\t\t<\/div>\r\n\t\t\t\t<\/div>\r\n\t\t\t\t\t<\/div>\r\n\t\t\t\t<\/section>\r\n\t\t\t\t<section class=\"elementor-section elementor-top-section elementor-element elementor-element-43737c3 elementor-section-boxed elementor-section-height-default elementor-section-height-default\" data-id=\"43737c3\" data-element_type=\"section\" data-e-type=\"section\">\r\n\t\t\r\n\t\t\t\t\t\t\t<div class=\"elementor-container elementor-column-gap-default\">\r\n\t\t\t\t\t\t\t\t\t\t\t<div class=\"elementor-column elementor-col-50 elementor-top-column elementor-element elementor-element-33e3bf06\" data-id=\"33e3bf06\" data-element_type=\"column\" data-e-type=\"column\">\r\n\t\t\t\t\t<div class=\"elementor-widget-wrap elementor-element-populated\">\r\n\t\t\t\t\t\t\t\t<div class=\"elementor-element elementor-element-1c5ceb4e animated-fast elementor-widget elementor-widget-heading\" data-id=\"1c5ceb4e\" data-element_type=\"widget\" data-e-type=\"widget\" data-settings=\"{&quot;_animation&quot;:&quot;none&quot;,&quot;_animation_delay&quot;:&quot;100&quot;}\" data-widget_type=\"heading.default\">\n\t\t\t\t<div class=\"elementor-widget-container\">\n\t\t\t\t\t<h2 class=\"elementor-heading-title elementor-size-default\">R\u00c9SERVOIRS D'EAU MODULAIRES ET SYST\u00c8MES HYDROFOR<\/h2>\t\t\t\t<\/div>\n\t\t\t\t<\/div>\n\t\t\t\t<div class=\"elementor-element elementor-element-774f38e8 customLineProgressAnim my-3 elementor-widget-divider--view-line elementor-invisible elementor-widget elementor-widget-divider\" data-id=\"774f38e8\" data-element_type=\"widget\" data-e-type=\"widget\" data-settings=\"{&quot;_animation&quot;:&quot;fadeIn&quot;,&quot;_animation_delay&quot;:&quot;300&quot;}\" data-widget_type=\"divider.default\">\n\t\t\t\t<div class=\"elementor-widget-container\">\n\t\t\t\t\t\t\t<div class=\"elementor-divider\">\n\t\t\t<span class=\"elementor-divider-separator\">\n\t\t\t\t\t\t<\/span>\n\t\t<\/div>\n\t\t\t\t\t\t<\/div>\n\t\t\t\t<\/div>\n\t\t\t\t<div class=\"elementor-element elementor-element-4c094911 elementor-widget elementor-widget-text-editor\" data-id=\"4c094911\" data-element_type=\"widget\" data-e-type=\"widget\" data-widget_type=\"text-editor.default\">\n\t\t\t\t<div class=\"elementor-widget-container\">\n\t\t\t\t\t\t\t\t\t<p><span style=\"font-weight: 400;\">Les r\u00e9servoirs d'eau modulaires fabriqu\u00e9s par l'entreprise pour laquelle nous fournissons des services de conseil peuvent \u00eatre facilement assembl\u00e9s et d\u00e9mont\u00e9s pour le d\u00e9placement. Des joints EPDM, sp\u00e9cialement con\u00e7us pour la conformit\u00e9 sanitaire, sont utilis\u00e9s pour assurer l'\u00e9tanch\u00e9it\u00e9. L'acier inoxydable AISI 304, qui contient 18% de chrome et 8% de nickel, est l'un des aciers inoxydables les plus utilis\u00e9s, connu pour sa grande formabilit\u00e9 et sa r\u00e9sistance \u00e0 la corrosion. En fonction des besoins du client, la production peut \u00e9galement \u00eatre r\u00e9alis\u00e9e en acier inoxydable AISI 316.<\/span><\/p>\t\t\t\t\t\t\t\t<\/div>\n\t\t\t\t<\/div>\n\t\t\t\t<div class=\"elementor-element elementor-element-ab49460 animated-fast elementor-invisible elementor-widget elementor-widget-porto_button\" data-id=\"ab49460\" data-element_type=\"widget\" data-e-type=\"widget\" data-settings=\"{&quot;_animation&quot;:&quot;fadeInRight&quot;,&quot;_animation_delay&quot;:50,&quot;align&quot;:&quot;left&quot;}\" data-widget_type=\"porto_button.default\">\n\t\t\t\t<div class=\"elementor-widget-container\">\n\t\t\t\t\t<a aria-label=\"bouton\" class=\"btn btn-md btn-primary btn-borders btn-full-rounded\" href=\"https:\/\/www.eltegon.com\/fr\/citation\/\"><span >CITATION<\/span><\/a>\t\t\t\t<\/div>\n\t\t\t\t<\/div>\n\t\t\t\t\t<\/div>\r\n\t\t\t\t<\/div>\r\n\t\t\t\t<div class=\"elementor-column elementor-col-50 elementor-top-column elementor-element elementor-element-553e1611\" data-id=\"553e1611\" data-element_type=\"column\" data-e-type=\"column\">\r\n\t\t\t\t\t<div class=\"elementor-widget-wrap elementor-element-populated\">\r\n\t\t\t\t\t\t\t\t<div class=\"elementor-element elementor-element-2f0e7a09 elementor-widget elementor-widget-image-gallery\" data-id=\"2f0e7a09\" data-element_type=\"widget\" data-e-type=\"widget\" data-widget_type=\"image-gallery.default\">\n\t\t\t\t<div class=\"elementor-widget-container\">\n\t\t\t\t\t\t\t<div class=\"elementor-image-gallery\">\n\t\t\t<div id='gallery-1' class='gallery galleryid-11025 gallery-columns-2 gallery-size-thumbnail'><figure class='gallery-item'>\n\t\t\t<div class='gallery-icon landscape'>\n\t\t\t\t<img fetchpriority=\"high\" decoding=\"async\" width=\"405\" height=\"270\" src=\"https:\/\/www.eltegon.com\/wp-content\/uploads\/2024\/10\/MODULAR-WATER-TANKS-AND-HYDROFOR-SYSTEMS2-405x270.jpg\" class=\"attachment-thumbnail size-thumbnail\" alt=\"\" \/>\n\t\t\t<\/div><\/figure><figure class='gallery-item'>\n\t\t\t<div class='gallery-icon landscape'>\n\t\t\t\t<img decoding=\"async\" width=\"405\" height=\"270\" src=\"https:\/\/www.eltegon.com\/wp-content\/uploads\/2024\/10\/MODULAR-WATER-TANKS-AND-HYDROFOR-SYSTEMS1-405x270.jpg\" class=\"attachment-thumbnail size-thumbnail\" alt=\"\" \/>\n\t\t\t<\/div><\/figure><figure class='gallery-item'>\n\t\t\t<div class='gallery-icon portrait'>\n\t\t\t\t<img decoding=\"async\" width=\"405\" height=\"270\" src=\"https:\/\/www.eltegon.com\/wp-content\/uploads\/2024\/10\/MODULAR-WATER-TANKS-AND-HYDROFOR-SYSTEMS3-405x270.jpg\" class=\"attachment-thumbnail size-thumbnail\" alt=\"\" \/>\n\t\t\t<\/div><\/figure><figure class='gallery-item'>\n\t\t\t<div class='gallery-icon landscape'>\n\t\t\t\t<img loading=\"lazy\" decoding=\"async\" width=\"405\" height=\"270\" src=\"https:\/\/www.eltegon.com\/wp-content\/uploads\/2024\/10\/MODULAR-WATER-TANKS-AND-HYDROFOR-SYSTEMS4-405x270.jpg\" class=\"attachment-thumbnail size-thumbnail\" alt=\"\" \/>\n\t\t\t<\/div><\/figure>\n\t\t<\/div>\n\t\t<\/div>\n\t\t\t\t\t\t<\/div>\n\t\t\t\t<\/div>\n\t\t\t\t\t<\/div>\r\n\t\t\t\t<\/div>\r\n\t\t\t\t\t<\/div>\r\n\t\t\t\t<\/section>\r\n\t\t\t\t<section class=\"elementor-section elementor-top-section elementor-element elementor-element-181595d4 elementor-section-boxed elementor-section-height-default elementor-section-height-default\" data-id=\"181595d4\" data-element_type=\"section\" data-e-type=\"section\">\r\n\t\t\r\n\t\t\t\t\t\t\t<div class=\"elementor-container elementor-column-gap-default\">\r\n\t\t\t\t\t\t\t\t\t\t\t<div class=\"elementor-column elementor-col-100 elementor-top-column elementor-element elementor-element-33300433\" data-id=\"33300433\" data-element_type=\"column\" data-e-type=\"column\">\r\n\t\t\t\t\t<div class=\"elementor-widget-wrap elementor-element-populated\">\r\n\t\t\t\t\t\t\t\t<div class=\"elementor-element elementor-element-ea5b87f animated-fast elementor-widget elementor-widget-heading\" data-id=\"ea5b87f\" data-element_type=\"widget\" data-e-type=\"widget\" data-settings=\"{&quot;_animation&quot;:&quot;none&quot;,&quot;_animation_delay&quot;:&quot;100&quot;}\" data-widget_type=\"heading.default\">\n\t\t\t\t<div class=\"elementor-widget-container\">\n\t\t\t\t\t<h2 class=\"elementor-heading-title elementor-size-default\">NOS PRODUITS<\/h2>\t\t\t\t<\/div>\n\t\t\t\t<\/div>\n\t\t\t\t<div class=\"elementor-element elementor-element-52ff5dc7 customLineProgressAnim my-3 elementor-widget-divider--view-line elementor-invisible elementor-widget elementor-widget-divider\" data-id=\"52ff5dc7\" data-element_type=\"widget\" data-e-type=\"widget\" data-settings=\"{&quot;_animation&quot;:&quot;fadeIn&quot;,&quot;_animation_delay&quot;:&quot;300&quot;}\" data-widget_type=\"divider.default\">\n\t\t\t\t<div class=\"elementor-widget-container\">\n\t\t\t\t\t\t\t<div class=\"elementor-divider\">\n\t\t\t<span class=\"elementor-divider-separator\">\n\t\t\t\t\t\t<\/span>\n\t\t<\/div>\n\t\t\t\t\t\t<\/div>\n\t\t\t\t<\/div>\n\t\t\t\t<div class=\"elementor-element elementor-element-86b4db2 mb-5 animated-fast elementor-widget elementor-widget-heading\" data-id=\"86b4db2\" data-element_type=\"widget\" data-e-type=\"widget\" data-settings=\"{&quot;_animation&quot;:&quot;none&quot;,&quot;_animation_delay&quot;:100}\" data-widget_type=\"heading.default\">\n\t\t\t\t<div class=\"elementor-widget-container\">\n\t\t\t\t\t<p class=\"elementor-heading-title elementor-size-default\">Afin de vous offrir un meilleur service, nous optimisons les mat\u00e9riaux li\u00e9s \u00e0 nos produits. Les images et les d\u00e9tails techniques de nos produits seront mis en ligne d\u00e8s que possible.<\/p>\t\t\t\t<\/div>\n\t\t\t\t<\/div>\n\t\t\t\t\t<\/div>\r\n\t\t\t\t<\/div>\r\n\t\t\t\t\t<\/div>\r\n\t\t\t\t<\/section>\r\n\t\t\t\t<\/div>","protected":false},"excerpt":{"rendered":"<p>MODULAR WATER TANKS AND HYDROFOR SYSTEMS The modular water tanks manufactured by the company for which we provide consulting services can be easily assembled and disassembled for relocation. EPDM gaskets, specially designed for health compliance, are used to ensure sealing. AISI 304 stainless steel, which contains 18% chromium and 8% nickel, is one of the [&hellip;]<\/p>","protected":false},"author":1,"featured_media":0,"parent":0,"menu_order":0,"comment_status":"closed","ping_status":"closed","template":"","meta":{"footnotes":""},"class_list":["post-11025","page","type-page","status-publish","hentry"],"yoast_head":"<!-- This site is optimized with the Yoast SEO plugin v27.2 - https:\/\/yoast.com\/product\/yoast-seo-wordpress\/ -->\n<title>MODULAR WATER TANKS AND HYDROFOR SYSTEMS - Eltegon<\/title>\n<meta name=\"robots\" content=\"index, follow, max-snippet:-1, max-image-preview:large, max-video-preview:-1\" \/>\n<link rel=\"canonical\" href=\"https:\/\/www.eltegon.com\/fr\/reservoirs-deau-modulaires-et-systemes-hydrofor\/\" \/>\n<meta property=\"og:locale\" content=\"fr_FR\" \/>\n<meta property=\"og:type\" content=\"article\" \/>\n<meta property=\"og:title\" content=\"MODULAR WATER TANKS AND HYDROFOR SYSTEMS - Eltegon\" \/>\n<meta property=\"og:description\" content=\"MODULAR WATER TANKS AND HYDROFOR SYSTEMS The modular water tanks manufactured by the company for which we provide consulting services can be easily assembled and disassembled for relocation. EPDM gaskets, specially designed for health compliance, are used to ensure sealing. AISI 304 stainless steel, which contains 18% chromium and 8% nickel, is one of the [&hellip;]\" \/>\n<meta property=\"og:url\" content=\"https:\/\/www.eltegon.com\/fr\/reservoirs-deau-modulaires-et-systemes-hydrofor\/\" \/>\n<meta property=\"og:site_name\" content=\"Eltegon\" \/>\n<meta property=\"article:publisher\" content=\"https:\/\/www.facebook.com\/people\/Eltegon\/61565661824666\/\" \/>\n<meta property=\"article:modified_time\" content=\"2024-11-08T20:14:06+00:00\" \/>\n<meta property=\"og:image\" content=\"https:\/\/www.eltegon.com\/wp-content\/uploads\/2024\/10\/MODULAR-WATER-TANKS-AND-HYDROFOR-SYSTEMS2-405x270.jpg\" \/>\n<meta name=\"twitter:card\" content=\"summary_large_image\" \/>\n<meta name=\"twitter:label1\" content=\"Dur\u00e9e de lecture estim\u00e9e\" \/>\n\t<meta name=\"twitter:data1\" content=\"2 minutes\" \/>\n<script type=\"application\/ld+json\" class=\"yoast-schema-graph\">{\"@context\":\"https:\/\/schema.org\",\"@graph\":[{\"@type\":\"WebPage\",\"@id\":\"https:\/\/www.eltegon.com\/modular-water-tanks-and-hydrofor-systems-page\/\",\"url\":\"https:\/\/www.eltegon.com\/modular-water-tanks-and-hydrofor-systems-page\/\",\"name\":\"MODULAR WATER TANKS AND HYDROFOR SYSTEMS - Eltegon\",\"isPartOf\":{\"@id\":\"https:\/\/www.eltegon.com\/#website\"},\"primaryImageOfPage\":{\"@id\":\"https:\/\/www.eltegon.com\/modular-water-tanks-and-hydrofor-systems-page\/#primaryimage\"},\"image\":{\"@id\":\"https:\/\/www.eltegon.com\/modular-water-tanks-and-hydrofor-systems-page\/#primaryimage\"},\"thumbnailUrl\":\"https:\/\/www.eltegon.com\/wp-content\/uploads\/2024\/10\/MODULAR-WATER-TANKS-AND-HYDROFOR-SYSTEMS2-405x270.jpg\",\"datePublished\":\"2024-10-22T22:28:30+00:00\",\"dateModified\":\"2024-11-08T20:14:06+00:00\",\"breadcrumb\":{\"@id\":\"https:\/\/www.eltegon.com\/modular-water-tanks-and-hydrofor-systems-page\/#breadcrumb\"},\"inLanguage\":\"fr-FR\",\"potentialAction\":[{\"@type\":\"ReadAction\",\"target\":[\"https:\/\/www.eltegon.com\/modular-water-tanks-and-hydrofor-systems-page\/\"]}]},{\"@type\":\"ImageObject\",\"inLanguage\":\"fr-FR\",\"@id\":\"https:\/\/www.eltegon.com\/modular-water-tanks-and-hydrofor-systems-page\/#primaryimage\",\"url\":\"https:\/\/www.eltegon.com\/wp-content\/uploads\/2024\/10\/MODULAR-WATER-TANKS-AND-HYDROFOR-SYSTEMS2-405x270.jpg\",\"contentUrl\":\"https:\/\/www.eltegon.com\/wp-content\/uploads\/2024\/10\/MODULAR-WATER-TANKS-AND-HYDROFOR-SYSTEMS2-405x270.jpg\"},{\"@type\":\"BreadcrumbList\",\"@id\":\"https:\/\/www.eltegon.com\/modular-water-tanks-and-hydrofor-systems-page\/#breadcrumb\",\"itemListElement\":[{\"@type\":\"ListItem\",\"position\":1,\"name\":\"Home\",\"item\":\"https:\/\/www.eltegon.com\/\"},{\"@type\":\"ListItem\",\"position\":2,\"name\":\"MODULAR WATER TANKS AND HYDROFOR SYSTEMS\"}]},{\"@type\":\"WebSite\",\"@id\":\"https:\/\/www.eltegon.com\/#website\",\"url\":\"https:\/\/www.eltegon.com\/\",\"name\":\"Eltegon\",\"description\":\"Where Courage Meets Commerce! Manufacturer in Turkiye\",\"publisher\":{\"@id\":\"https:\/\/www.eltegon.com\/#organization\"},\"potentialAction\":[{\"@type\":\"SearchAction\",\"target\":{\"@type\":\"EntryPoint\",\"urlTemplate\":\"https:\/\/www.eltegon.com\/?s={search_term_string}\"},\"query-input\":{\"@type\":\"PropertyValueSpecification\",\"valueRequired\":true,\"valueName\":\"search_term_string\"}}],\"inLanguage\":\"fr-FR\"},{\"@type\":\"Organization\",\"@id\":\"https:\/\/www.eltegon.com\/#organization\",\"name\":\"Eltegon\",\"url\":\"https:\/\/www.eltegon.com\/\",\"logo\":{\"@type\":\"ImageObject\",\"inLanguage\":\"fr-FR\",\"@id\":\"https:\/\/www.eltegon.com\/#\/schema\/logo\/image\/\",\"url\":\"https:\/\/www.eltegon.com\/wp-content\/uploads\/2024\/10\/cropped-favicon.png\",\"contentUrl\":\"https:\/\/www.eltegon.com\/wp-content\/uploads\/2024\/10\/cropped-favicon.png\",\"width\":512,\"height\":512,\"caption\":\"Eltegon\"},\"image\":{\"@id\":\"https:\/\/www.eltegon.com\/#\/schema\/logo\/image\/\"},\"sameAs\":[\"https:\/\/www.facebook.com\/people\/Eltegon\/61565661824666\/\",\"https:\/\/www.instagram.com\/eltegonglobal\/\"]}]}<\/script>\n<!-- \/ Yoast SEO plugin. -->","yoast_head_json":{"title":"R\u00c9SERVOIRS D&#039;EAU MODULAIRES ET SYST\u00c8MES HYDROFOR - Eltegon","robots":{"index":"index","follow":"follow","max-snippet":"max-snippet:-1","max-image-preview":"max-image-preview:large","max-video-preview":"max-video-preview:-1"},"canonical":"https:\/\/www.eltegon.com\/fr\/reservoirs-deau-modulaires-et-systemes-hydrofor\/","og_locale":"fr_FR","og_type":"article","og_title":"MODULAR WATER TANKS AND HYDROFOR SYSTEMS - Eltegon","og_description":"MODULAR WATER TANKS AND HYDROFOR SYSTEMS The modular water tanks manufactured by the company for which we provide consulting services can be easily assembled and disassembled for relocation. EPDM gaskets, specially designed for health compliance, are used to ensure sealing. AISI 304 stainless steel, which contains 18% chromium and 8% nickel, is one of the [&hellip;]","og_url":"https:\/\/www.eltegon.com\/fr\/reservoirs-deau-modulaires-et-systemes-hydrofor\/","og_site_name":"Eltegon","article_publisher":"https:\/\/www.facebook.com\/people\/Eltegon\/61565661824666\/","article_modified_time":"2024-11-08T20:14:06+00:00","og_image":[{"url":"https:\/\/www.eltegon.com\/wp-content\/uploads\/2024\/10\/MODULAR-WATER-TANKS-AND-HYDROFOR-SYSTEMS2-405x270.jpg","type":"","width":"","height":""}],"twitter_card":"summary_large_image","twitter_misc":{"Dur\u00e9e de lecture estim\u00e9e":"2 minutes"},"schema":{"@context":"https:\/\/schema.org","@graph":[{"@type":"WebPage","@id":"https:\/\/www.eltegon.com\/modular-water-tanks-and-hydrofor-systems-page\/","url":"https:\/\/www.eltegon.com\/modular-water-tanks-and-hydrofor-systems-page\/","name":"R\u00c9SERVOIRS D&#039;EAU MODULAIRES ET SYST\u00c8MES HYDROFOR - Eltegon","isPartOf":{"@id":"https:\/\/www.eltegon.com\/#website"},"primaryImageOfPage":{"@id":"https:\/\/www.eltegon.com\/modular-water-tanks-and-hydrofor-systems-page\/#primaryimage"},"image":{"@id":"https:\/\/www.eltegon.com\/modular-water-tanks-and-hydrofor-systems-page\/#primaryimage"},"thumbnailUrl":"https:\/\/www.eltegon.com\/wp-content\/uploads\/2024\/10\/MODULAR-WATER-TANKS-AND-HYDROFOR-SYSTEMS2-405x270.jpg","datePublished":"2024-10-22T22:28:30+00:00","dateModified":"2024-11-08T20:14:06+00:00","breadcrumb":{"@id":"https:\/\/www.eltegon.com\/modular-water-tanks-and-hydrofor-systems-page\/#breadcrumb"},"inLanguage":"fr-FR","potentialAction":[{"@type":"ReadAction","target":["https:\/\/www.eltegon.com\/modular-water-tanks-and-hydrofor-systems-page\/"]}]},{"@type":"ImageObject","inLanguage":"fr-FR","@id":"https:\/\/www.eltegon.com\/modular-water-tanks-and-hydrofor-systems-page\/#primaryimage","url":"https:\/\/www.eltegon.com\/wp-content\/uploads\/2024\/10\/MODULAR-WATER-TANKS-AND-HYDROFOR-SYSTEMS2-405x270.jpg","contentUrl":"https:\/\/www.eltegon.com\/wp-content\/uploads\/2024\/10\/MODULAR-WATER-TANKS-AND-HYDROFOR-SYSTEMS2-405x270.jpg"},{"@type":"BreadcrumbList","@id":"https:\/\/www.eltegon.com\/modular-water-tanks-and-hydrofor-systems-page\/#breadcrumb","itemListElement":[{"@type":"ListItem","position":1,"name":"Home","item":"https:\/\/www.eltegon.com\/"},{"@type":"ListItem","position":2,"name":"MODULAR WATER TANKS AND HYDROFOR SYSTEMS"}]},{"@type":"WebSite","@id":"https:\/\/www.eltegon.com\/#website","url":"https:\/\/www.eltegon.com\/","name":"Eltegon","description":"Where Courage Meets Commerce! Manufacturer in Turkiye","publisher":{"@id":"https:\/\/www.eltegon.com\/#organization"},"potentialAction":[{"@type":"SearchAction","target":{"@type":"EntryPoint","urlTemplate":"https:\/\/www.eltegon.com\/?s={search_term_string}"},"query-input":{"@type":"PropertyValueSpecification","valueRequired":true,"valueName":"search_term_string"}}],"inLanguage":"fr-FR"},{"@type":"Organization","@id":"https:\/\/www.eltegon.com\/#organization","name":"Eltegon","url":"https:\/\/www.eltegon.com\/","logo":{"@type":"ImageObject","inLanguage":"fr-FR","@id":"https:\/\/www.eltegon.com\/#\/schema\/logo\/image\/","url":"https:\/\/www.eltegon.com\/wp-content\/uploads\/2024\/10\/cropped-favicon.png","contentUrl":"https:\/\/www.eltegon.com\/wp-content\/uploads\/2024\/10\/cropped-favicon.png","width":512,"height":512,"caption":"Eltegon"},"image":{"@id":"https:\/\/www.eltegon.com\/#\/schema\/logo\/image\/"},"sameAs":["https:\/\/www.facebook.com\/people\/Eltegon\/61565661824666\/","https:\/\/www.instagram.com\/eltegonglobal\/"]}]}},"_links":{"self":[{"href":"https:\/\/www.eltegon.com\/fr\/wp-json\/wp\/v2\/pages\/11025","targetHints":{"allow":["GET"]}}],"collection":[{"href":"https:\/\/www.eltegon.com\/fr\/wp-json\/wp\/v2\/pages"}],"about":[{"href":"https:\/\/www.eltegon.com\/fr\/wp-json\/wp\/v2\/types\/page"}],"author":[{"embeddable":true,"href":"https:\/\/www.eltegon.com\/fr\/wp-json\/wp\/v2\/users\/1"}],"replies":[{"embeddable":true,"href":"https:\/\/www.eltegon.com\/fr\/wp-json\/wp\/v2\/comments?post=11025"}],"version-history":[{"count":25,"href":"https:\/\/www.eltegon.com\/fr\/wp-json\/wp\/v2\/pages\/11025\/revisions"}],"predecessor-version":[{"id":12038,"href":"https:\/\/www.eltegon.com\/fr\/wp-json\/wp\/v2\/pages\/11025\/revisions\/12038"}],"wp:attachment":[{"href":"https:\/\/www.eltegon.com\/fr\/wp-json\/wp\/v2\/media?parent=11025"}],"curies":[{"name":"wp","href":"https:\/\/api.w.org\/{rel}","templated":true}]}}